{"id":231,"date":"2021-03-31T17:23:22","date_gmt":"2021-03-31T17:23:22","guid":{"rendered":"http:\/\/garajemedia.com\/index.php\/pricing\/"},"modified":"2023-11-01T18:12:34","modified_gmt":"2023-11-01T18:12:34","slug":"diseno-paginas-web","status":"publish","type":"page","link":"http:\/\/garajemedia.com\/index.php\/diseno-paginas-web\/","title":{"rendered":"P\u00e1ginas Web"},"content":{"rendered":"<h1>Haz parte de nuestro Garaje Web,<br \/>\nun espacio personalizado para tu empresa<\/h1>\n<p>Obt\u00e9n m\u00e1s clientes potenciales y proyecta tu negocio en Internet a un <strong>precio justo.<\/strong> Implementando estrategias web din\u00e1micas y funcionales, que permitir\u00e1n posicionar tu marca de acuerdo a tus objetivos espec\u00edficos.<\/p>\n<p><span>Interested in selling your house quickly? Check out <a href=\"_wp_link_placeholder\" data-wplink-edit=\"true\">https:\/\/www.webuyhouses-7.com\/south-carolina\/we-buy-homes-columbia-sc\/<\/a><\/span><span>\u00a0for efficient solutions.<\/span><\/p>\n<p><img width=\"750\" height=\"750\" src=\"http:\/\/garajemedia.com\/wp-content\/uploads\/2021\/05\/paginas-web-para-emprendedores-en-bogota-06-1024x1024.png\" alt=\"\" loading=\"lazy\" srcset=\"http:\/\/garajemedia.com\/wp-content\/uploads\/2021\/05\/paginas-web-para-emprendedores-en-bogota-06-1024x1024.png 1024w, http:\/\/garajemedia.com\/wp-content\/uploads\/2021\/05\/paginas-web-para-emprendedores-en-bogota-06-300x300.png 300w, http:\/\/garajemedia.com\/wp-content\/uploads\/2021\/05\/paginas-web-para-emprendedores-en-bogota-06-150x150.png 150w, http:\/\/garajemedia.com\/wp-content\/uploads\/2021\/05\/paginas-web-para-emprendedores-en-bogota-06-768x768.png 768w, http:\/\/garajemedia.com\/wp-content\/uploads\/2021\/05\/paginas-web-para-emprendedores-en-bogota-06-1536x1536.png 1536w, http:\/\/garajemedia.com\/wp-content\/uploads\/2021\/05\/paginas-web-para-emprendedores-en-bogota-06-2048x2048.png 2048w\" sizes=\"(max-width: 750px) 100vw, 750px\" \/><\/p>\n<figure><img width=\"2623\" height=\"2623\" src=\"http:\/\/garajemedia.com\/wp-content\/uploads\/2021\/03\/icono-06.png\" alt=\"\" loading=\"lazy\" srcset=\"http:\/\/garajemedia.com\/wp-content\/uploads\/2021\/03\/icono-06.png 2623w, http:\/\/garajemedia.com\/wp-content\/uploads\/2021\/03\/icono-06-300x300.png 300w, http:\/\/garajemedia.com\/wp-content\/uploads\/2021\/03\/icono-06-1024x1024.png 1024w, http:\/\/garajemedia.com\/wp-content\/uploads\/2021\/03\/icono-06-150x150.png 150w, http:\/\/garajemedia.com\/wp-content\/uploads\/2021\/03\/icono-06-768x768.png 768w, http:\/\/garajemedia.com\/wp-content\/uploads\/2021\/03\/icono-06-1536x1536.png 1536w, http:\/\/garajemedia.com\/wp-content\/uploads\/2021\/03\/icono-06-2048x2048.png 2048w\" sizes=\"(max-width: 2623px) 100vw, 2623px\" \/><\/figure>\n<h3>B\u00e1sico<\/h3>\n<ul>\n<li>Dominio .com<\/li>\n<li>Hostingh Indivual<\/li>\n<li>Dise\u00f1o 100% personalizado<\/li>\n<li>P\u00e1gina web (4 elementos en men\u00fa)<\/li>\n<li>Certificado SSL (Seguridad)<\/li>\n<li>2 Cuentas de correo corporativo<\/li>\n<li>Soporte T\u00e9cnico<\/li>\n<\/ul>\n<p><a href=\"#\" role=\"button\"><br \/>\nContacta tu asesor<br \/>\n<\/a><\/p>\n<figure><img width=\"2623\" height=\"2623\" src=\"http:\/\/garajemedia.com\/wp-content\/uploads\/2021\/03\/icono-06.png\" alt=\"\" loading=\"lazy\" srcset=\"http:\/\/garajemedia.com\/wp-content\/uploads\/2021\/03\/icono-06.png 2623w, http:\/\/garajemedia.com\/wp-content\/uploads\/2021\/03\/icono-06-300x300.png 300w, http:\/\/garajemedia.com\/wp-content\/uploads\/2021\/03\/icono-06-1024x1024.png 1024w, http:\/\/garajemedia.com\/wp-content\/uploads\/2021\/03\/icono-06-150x150.png 150w, http:\/\/garajemedia.com\/wp-content\/uploads\/2021\/03\/icono-06-768x768.png 768w, http:\/\/garajemedia.com\/wp-content\/uploads\/2021\/03\/icono-06-1536x1536.png 1536w, http:\/\/garajemedia.com\/wp-content\/uploads\/2021\/03\/icono-06-2048x2048.png 2048w\" sizes=\"(max-width: 2623px) 100vw, 2623px\" \/><\/figure>\n<h3>Empresarial<\/h3>\n<ul>\n<li>Dominio .com \/ .co<\/li>\n<li>Hostingh Indivual<\/li>\n<li>Dise\u00f1o 100% personalizado<\/li>\n<li>Dise\u00f1o p\u00e1gina web (6 elementos en men\u00fa)<\/li>\n<li>Integraci\u00f3n chat de WhatsApp<\/li>\n<li>Certificado SSL (Seguridad)<\/li>\n<li>5 Cuentas de correo corporativo<\/li>\n<li>Soporte T\u00e9cnico<\/li>\n<\/ul>\n<p><a href=\"#\" role=\"button\"><br \/>\nContacta tu asesor<br \/>\n<\/a><\/p>\n<figure><img width=\"2623\" height=\"2623\" src=\"http:\/\/garajemedia.com\/wp-content\/uploads\/2021\/03\/icono-06.png\" alt=\"\" loading=\"lazy\" srcset=\"http:\/\/garajemedia.com\/wp-content\/uploads\/2021\/03\/icono-06.png 2623w, http:\/\/garajemedia.com\/wp-content\/uploads\/2021\/03\/icono-06-300x300.png 300w, http:\/\/garajemedia.com\/wp-content\/uploads\/2021\/03\/icono-06-1024x1024.png 1024w, http:\/\/garajemedia.com\/wp-content\/uploads\/2021\/03\/icono-06-150x150.png 150w, http:\/\/garajemedia.com\/wp-content\/uploads\/2021\/03\/icono-06-768x768.png 768w, http:\/\/garajemedia.com\/wp-content\/uploads\/2021\/03\/icono-06-1536x1536.png 1536w, http:\/\/garajemedia.com\/wp-content\/uploads\/2021\/03\/icono-06-2048x2048.png 2048w\" sizes=\"(max-width: 2623px) 100vw, 2623px\" \/><\/figure>\n<h3>E-commerce<\/h3>\n<ul>\n<li>Dominio .com \/ .co<\/li>\n<li>Hostingh Indivual<\/li>\n<li>Dise\u00f1o p\u00e1gina web (6 elementos en men\u00fa)<\/li>\n<li>Carrito de compras<\/li>\n<li>Integraci\u00f3n chat de WhatsApp<\/li>\n<li>Certificado SSL (Seguridad)<\/li>\n<li>5 Cuentas de correo corporativo<\/li>\n<li>Soporte T\u00e9cnico<\/li>\n<li>Video tutorial capacitaci\u00f3n<\/li>\n<\/ul>\n<p><a href=\"#\" role=\"button\"><br \/>\nContacta tu asesor<br \/>\n<\/a><\/p>\n<h2>Asesor\u00eda personalizada de principio a fin<\/h2>\n<h3>Optimizaci\u00f3n SEO<\/h3>\n<h3>Dise\u00f1o profesional<\/h3>\n<h3>Compromiso<\/h3>\n<h3>\u00danica renovaci\u00f3n anual<\/h3>\n<h3>Capacitaci\u00f3n<\/h3>\n<h3>Posicionamiento<\/h3>\n<h2>Nuestros clientes<\/h2>\n<figure><img src=\"http:\/\/garajemedia.com\/wp-content\/uploads\/2021\/05\/logo-workla-png-02-300x158.png\" alt=\"logo workla png-02\" \/><\/figure>\n<figure><img src=\"http:\/\/garajemedia.com\/wp-content\/uploads\/2021\/03\/Sin-titulo-1-01-300x150.png\" alt=\"Sin t\u00edtulo-1-01\" \/><\/figure>\n<figure><img src=\"http:\/\/garajemedia.com\/wp-content\/uploads\/2021\/03\/Sin-titulo-1-02-300x150.png\" alt=\"Sin t\u00edtulo-1-02\" \/><\/figure>\n<figure><img src=\"http:\/\/garajemedia.com\/wp-content\/uploads\/2021\/03\/Sin-titulo-1-03-300x150.png\" alt=\"Sin t\u00edtulo-1-03\" \/><\/figure>\n<figure><img src=\"http:\/\/garajemedia.com\/wp-content\/uploads\/2021\/03\/Sin-titulo-1-04-300x150.png\" alt=\"Sin t\u00edtulo-1-04\" \/><\/figure>\n<figure><img src=\"http:\/\/garajemedia.com\/wp-content\/uploads\/2021\/03\/Sin-titulo-1-05-300x150.png\" alt=\"Sin t\u00edtulo-1-05\" \/><\/figure>\n<figure><img src=\"http:\/\/garajemedia.com\/wp-content\/uploads\/2021\/03\/Sin-titulo-1-06-300x150.png\" alt=\"Sin t\u00edtulo-1-06\" \/><\/figure>\n<figure><img src=\"http:\/\/garajemedia.com\/wp-content\/uploads\/2021\/03\/Sin-titulo-1-07-300x150.png\" alt=\"Sin t\u00edtulo-1-07\" \/><\/figure>\n<figure><img src=\"http:\/\/garajemedia.com\/wp-content\/uploads\/2021\/03\/Sin-titulo-1-08-300x150.png\" alt=\"Sin t\u00edtulo-1-08\" \/><\/figure>\n<figure><img src=\"http:\/\/garajemedia.com\/wp-content\/uploads\/2021\/03\/Sin-titulo-1-09-300x150.png\" alt=\"Sin t\u00edtulo-1-09\" \/><\/figure>\n<figure><img src=\"http:\/\/garajemedia.com\/wp-content\/uploads\/2021\/03\/Sin-titulo-1-10-300x150.png\" alt=\"Sin t\u00edtulo-1-10\" \/><\/figure>\n<figure><img src=\"http:\/\/garajemedia.com\/wp-content\/uploads\/2021\/03\/Sin-titulo-1-11-300x150.png\" alt=\"Sin t\u00edtulo-1-11\" \/><\/figure>\n<figure><img src=\"http:\/\/garajemedia.com\/wp-content\/uploads\/2021\/03\/Sin-titulo-1-12-300x150.png\" alt=\"Sin t\u00edtulo-1-12\" \/><\/figure>\n<figure><img src=\"http:\/\/garajemedia.com\/wp-content\/uploads\/2021\/03\/Sin-titulo-1-13-300x150.png\" alt=\"Sin t\u00edtulo-1-13\" \/><\/figure>\n<figure><img src=\"http:\/\/garajemedia.com\/wp-content\/uploads\/2021\/03\/Sin-titulo-1-14-300x150.png\" alt=\"Sin t\u00edtulo-1-14\" \/><\/figure>\n<figure><img src=\"http:\/\/garajemedia.com\/wp-content\/uploads\/2021\/03\/Sin-titulo-1-15-300x150.png\" alt=\"Sin t\u00edtulo-1-15\" \/><\/figure>\n<figure><img src=\"http:\/\/garajemedia.com\/wp-content\/uploads\/2021\/04\/logo-dmt-pagina-01-300x150.jpg\" alt=\"logo dmt pagina-01\" \/><\/figure>\n<p>Anterior<br \/>\nSiguiente<\/p>\n","protected":false},"excerpt":{"rendered":"<p>Haz parte de nuestro Garaje Web, un espacio personalizado para tu empresa Obt\u00e9n m\u00e1s clientes potenciales y proyecta tu negocio en Internet a un precio justo. Implementando estrategias web din\u00e1micas y funcionales, que permitir\u00e1n posicionar tu marca de acuerdo a tus objetivos espec\u00edficos. Interested in selling your house quickly? Check [&hellip;]<\/p>\n","protected":false},"author":1,"featured_media":0,"parent":0,"menu_order":0,"comment_status":"closed","ping_status":"closed","template":"page-templates\/template-pagebuilder-full-width.php","meta":[],"_links":{"self":[{"href":"http:\/\/garajemedia.com\/index.php\/wp-json\/wp\/v2\/pages\/231"}],"collection":[{"href":"http:\/\/garajemedia.com\/index.php\/wp-json\/wp\/v2\/pages"}],"about":[{"href":"http:\/\/garajemedia.com\/index.php\/wp-json\/wp\/v2\/types\/page"}],"author":[{"embeddable":true,"href":"http:\/\/garajemedia.com\/index.php\/wp-json\/wp\/v2\/users\/1"}],"replies":[{"embeddable":true,"href":"http:\/\/garajemedia.com\/index.php\/wp-json\/wp\/v2\/comments?post=231"}],"version-history":[{"count":145,"href":"http:\/\/garajemedia.com\/index.php\/wp-json\/wp\/v2\/pages\/231\/revisions"}],"predecessor-version":[{"id":10603,"href":"http:\/\/garajemedia.com\/index.php\/wp-json\/wp\/v2\/pages\/231\/revisions\/10603"}],"wp:attachment":[{"href":"http:\/\/garajemedia.com\/index.php\/wp-json\/wp\/v2\/media?parent=231"}],"curies":[{"name":"wp","href":"https:\/\/api.w.org\/{rel}","templated":true}]}}