{"id":333,"date":"2021-04-18T16:31:22","date_gmt":"2021-04-18T16:31:22","guid":{"rendered":"http:\/\/garajemedia.com\/index.php\/ascend-landing-page\/"},"modified":"2023-09-26T06:17:51","modified_gmt":"2023-09-26T06:17:51","slug":"diseno-de-marca","status":"publish","type":"page","link":"http:\/\/garajemedia.com\/index.php\/diseno-de-marca\/","title":{"rendered":"Dise\u00f1o de marca (Logotipos)"},"content":{"rendered":"<h1>\u00bfNecesitas un logo profesional, moderno, atractivo y que destaque sobre los dem\u00e1s?<\/h1>\n<p>Queremos que todo el mundo recuerde tu marca, por eso cuidamos hasta el \u00faltimo detalle el dise\u00f1o de tu logotipo y sus aplicaciones dentro de la imagen corporativa de la empresa. Nuestros dise\u00f1os de logotipos est\u00e1n hechos a medida y destacan por su creatividad, calidad y elegancia.<\/p>\n<p>Are you in a hurry to sell your home? Check out \u00ab<a href=\"https:\/\/www.sellhouse-asis.com\/\" target=\"_new\" rel=\"noopener\">https:\/\/www.sellhouse-asis.com\/<\/a>\u00bb for a hassle-free selling experience.<\/p>\n<h2>Conoce nuestros paquetes de dise\u00f1o<\/h2>\n<figure><img width=\"2623\" height=\"2623\" src=\"http:\/\/garajemedia.com\/wp-content\/uploads\/2021\/03\/icono-06.png\" alt=\"\" loading=\"lazy\" srcset=\"http:\/\/garajemedia.com\/wp-content\/uploads\/2021\/03\/icono-06.png 2623w, http:\/\/garajemedia.com\/wp-content\/uploads\/2021\/03\/icono-06-300x300.png 300w, http:\/\/garajemedia.com\/wp-content\/uploads\/2021\/03\/icono-06-1024x1024.png 1024w, http:\/\/garajemedia.com\/wp-content\/uploads\/2021\/03\/icono-06-150x150.png 150w, http:\/\/garajemedia.com\/wp-content\/uploads\/2021\/03\/icono-06-768x768.png 768w, http:\/\/garajemedia.com\/wp-content\/uploads\/2021\/03\/icono-06-1536x1536.png 1536w, http:\/\/garajemedia.com\/wp-content\/uploads\/2021\/03\/icono-06-2048x2048.png 2048w\" sizes=\"(max-width: 2623px) 100vw, 2623px\" \/><\/figure>\n<h3>B\u00e1sico<\/h3>\n<ul>\n<li>Dise\u00f1o de Logotipo<\/li>\n<li>Tres propuestas de dise\u00f1o<\/li>\n<li>Formatos de entrega: .ai, .pdf, .jpg y .png.<\/li>\n<li>Entrega v\u00eda correo electr\u00f3nico<\/li>\n<\/ul>\n<p><a href=\"#\" role=\"button\"><br \/>\nContacta tu asesor<br \/>\n<\/a><\/p>\n<figure><img width=\"2623\" height=\"2623\" src=\"http:\/\/garajemedia.com\/wp-content\/uploads\/2021\/03\/icono-06.png\" alt=\"\" loading=\"lazy\" srcset=\"http:\/\/garajemedia.com\/wp-content\/uploads\/2021\/03\/icono-06.png 2623w, http:\/\/garajemedia.com\/wp-content\/uploads\/2021\/03\/icono-06-300x300.png 300w, http:\/\/garajemedia.com\/wp-content\/uploads\/2021\/03\/icono-06-1024x1024.png 1024w, http:\/\/garajemedia.com\/wp-content\/uploads\/2021\/03\/icono-06-150x150.png 150w, http:\/\/garajemedia.com\/wp-content\/uploads\/2021\/03\/icono-06-768x768.png 768w, http:\/\/garajemedia.com\/wp-content\/uploads\/2021\/03\/icono-06-1536x1536.png 1536w, http:\/\/garajemedia.com\/wp-content\/uploads\/2021\/03\/icono-06-2048x2048.png 2048w\" sizes=\"(max-width: 2623px) 100vw, 2623px\" \/><\/figure>\n<h3>Empresarial<\/h3>\n<ul>\n<li>Dise\u00f1o de Logotipo<\/li>\n<li>Tres propuestas de dise\u00f1o<\/li>\n<li>Formatos de entrega: .ai, .pdf, .jpg y .png.<\/li>\n<li>Manual de identidad corporativa (colores, tipograf\u00edas, usos correctos e incorrectos)<\/li>\n<li>Entrega v\u00eda correo electr\u00f3nico<\/li>\n<\/ul>\n<p><a href=\"#\" role=\"button\"><br \/>\nContacta tu asesor<br \/>\n<\/a><\/p>\n<figure><img width=\"2623\" height=\"2623\" src=\"http:\/\/garajemedia.com\/wp-content\/uploads\/2021\/03\/icono-06.png\" alt=\"\" loading=\"lazy\" srcset=\"http:\/\/garajemedia.com\/wp-content\/uploads\/2021\/03\/icono-06.png 2623w, http:\/\/garajemedia.com\/wp-content\/uploads\/2021\/03\/icono-06-300x300.png 300w, http:\/\/garajemedia.com\/wp-content\/uploads\/2021\/03\/icono-06-1024x1024.png 1024w, http:\/\/garajemedia.com\/wp-content\/uploads\/2021\/03\/icono-06-150x150.png 150w, http:\/\/garajemedia.com\/wp-content\/uploads\/2021\/03\/icono-06-768x768.png 768w, http:\/\/garajemedia.com\/wp-content\/uploads\/2021\/03\/icono-06-1536x1536.png 1536w, http:\/\/garajemedia.com\/wp-content\/uploads\/2021\/03\/icono-06-2048x2048.png 2048w\" sizes=\"(max-width: 2623px) 100vw, 2623px\" \/><\/figure>\n<h3>Comercial<\/h3>\n<ul>\n<li>Dise\u00f1o de Logotipo<\/li>\n<li>Tres propuestas de dise\u00f1o<\/li>\n<li>Formatos de entrega: .ai, .pdf, .jpg y .png.<\/li>\n<li>Manual de identidad corporativa (colores, tipograf\u00edas, usos correctos e incorrectos)<\/li>\n<li>Dise\u00f1o papeler\u00eda cooperativa (Tarjeta de presentaci\u00f3n, Hoja membrete, Carpetas)<\/li>\n<li>Entrega v\u00eda correo electr\u00f3nico<\/li>\n<\/ul>\n<p><a href=\"#\" role=\"button\"><br \/>\nContacta tu asesor<br \/>\n<\/a><\/p>\n<figure><img src=\"http:\/\/garajemedia.com\/wp-content\/uploads\/2021\/05\/diseno-de-logo-diseno-de-tarjetas-diseno-de-imagen-para-mi-empresa-03-768x571.jpg\" alt=\"dise\u00f1o de logo - dise\u00f1o de tarjetas - dise\u00f1o de imagen para mi empresa-03\" \/><\/figure>\n<figure><img src=\"http:\/\/garajemedia.com\/wp-content\/uploads\/2021\/05\/diseno-de-logo-diseno-de-tarjetas-diseno-de-imagen-para-mi-empresa-01-768x571.jpg\" alt=\"dise\u00f1o de logo - dise\u00f1o de tarjetas - dise\u00f1o de imagen para mi empresa-01\" \/><\/figure>\n<figure><img src=\"http:\/\/garajemedia.com\/wp-content\/uploads\/2021\/05\/diseno-de-logo-diseno-de-tarjetas-diseno-de-imagen-para-mi-empresa-05-768x571.jpg\" alt=\"dise\u00f1o de logo - dise\u00f1o de tarjetas - dise\u00f1o de imagen para mi empresa-05\" \/><\/figure>\n<figure><img src=\"http:\/\/garajemedia.com\/wp-content\/uploads\/2021\/05\/diseno-de-logo-diseno-de-tarjetas-diseno-de-imagen-para-mi-empresa-02-768x571.jpg\" alt=\"dise\u00f1o de logo - dise\u00f1o de tarjetas - dise\u00f1o de imagen para mi empresa-02\" \/><\/figure>\n<figure><img src=\"http:\/\/garajemedia.com\/wp-content\/uploads\/2021\/05\/diseno-de-logo-diseno-de-tarjetas-diseno-de-imagen-para-mi-empresa-04-768x571.jpg\" alt=\"dise\u00f1o de logo - dise\u00f1o de tarjetas - dise\u00f1o de imagen para mi empresa-04\" \/><\/figure>\n<p>Anterior<br \/>\nSiguiente<\/p>\n<h2>Podemos armar el paquete de imagen corporativa que mejor se acomode a tus necesidades<\/h2>\n<h3>Dise\u00f1o profesional<\/h3>\n<p>Un gran logo genera una conexi\u00f3n inmediata con tus clientes, por esto nos enfocamos el obtener el mejor resultado. Contamos con una amplia experiencia en el sector, dise\u00f1ando de forma personalizada en pro de la satisfacci\u00f3n de nuestros clientes.<\/p>\n<p><a href=\"#\" role=\"button\"><br \/>\nContacta a tu asesor<br \/>\n<\/a><\/p>\n<h2>Nuestros clientes<\/h2>\n<figure><img src=\"http:\/\/garajemedia.com\/wp-content\/uploads\/2021\/05\/logo-workla-png-02-300x158.png\" alt=\"logo workla png-02\" \/><\/figure>\n<figure><img src=\"http:\/\/garajemedia.com\/wp-content\/uploads\/2021\/03\/Sin-titulo-1-01-300x150.png\" alt=\"Sin t\u00edtulo-1-01\" \/><\/figure>\n<figure><img src=\"http:\/\/garajemedia.com\/wp-content\/uploads\/2021\/03\/Sin-titulo-1-02-300x150.png\" alt=\"Sin t\u00edtulo-1-02\" \/><\/figure>\n<figure><img src=\"http:\/\/garajemedia.com\/wp-content\/uploads\/2021\/03\/Sin-titulo-1-03-300x150.png\" alt=\"Sin t\u00edtulo-1-03\" \/><\/figure>\n<figure><img src=\"http:\/\/garajemedia.com\/wp-content\/uploads\/2021\/03\/Sin-titulo-1-04-300x150.png\" alt=\"Sin t\u00edtulo-1-04\" \/><\/figure>\n<figure><img src=\"http:\/\/garajemedia.com\/wp-content\/uploads\/2021\/03\/Sin-titulo-1-05-300x150.png\" alt=\"Sin t\u00edtulo-1-05\" \/><\/figure>\n<figure><img src=\"http:\/\/garajemedia.com\/wp-content\/uploads\/2021\/03\/Sin-titulo-1-06-300x150.png\" alt=\"Sin t\u00edtulo-1-06\" \/><\/figure>\n<figure><img src=\"http:\/\/garajemedia.com\/wp-content\/uploads\/2021\/03\/Sin-titulo-1-07-300x150.png\" alt=\"Sin t\u00edtulo-1-07\" \/><\/figure>\n<figure><img src=\"http:\/\/garajemedia.com\/wp-content\/uploads\/2021\/03\/Sin-titulo-1-08-300x150.png\" alt=\"Sin t\u00edtulo-1-08\" \/><\/figure>\n<figure><img src=\"http:\/\/garajemedia.com\/wp-content\/uploads\/2021\/03\/Sin-titulo-1-09-300x150.png\" alt=\"Sin t\u00edtulo-1-09\" \/><\/figure>\n<figure><img src=\"http:\/\/garajemedia.com\/wp-content\/uploads\/2021\/03\/Sin-titulo-1-10-300x150.png\" alt=\"Sin t\u00edtulo-1-10\" \/><\/figure>\n<figure><img src=\"http:\/\/garajemedia.com\/wp-content\/uploads\/2021\/03\/Sin-titulo-1-11-300x150.png\" alt=\"Sin t\u00edtulo-1-11\" \/><\/figure>\n<figure><img src=\"http:\/\/garajemedia.com\/wp-content\/uploads\/2021\/03\/Sin-titulo-1-12-300x150.png\" alt=\"Sin t\u00edtulo-1-12\" \/><\/figure>\n<figure><img src=\"http:\/\/garajemedia.com\/wp-content\/uploads\/2021\/03\/Sin-titulo-1-13-300x150.png\" alt=\"Sin t\u00edtulo-1-13\" \/><\/figure>\n<figure><img src=\"http:\/\/garajemedia.com\/wp-content\/uploads\/2021\/03\/Sin-titulo-1-14-300x150.png\" alt=\"Sin t\u00edtulo-1-14\" \/><\/figure>\n<figure><img src=\"http:\/\/garajemedia.com\/wp-content\/uploads\/2021\/03\/Sin-titulo-1-15-300x150.png\" alt=\"Sin t\u00edtulo-1-15\" \/><\/figure>\n<figure><img src=\"http:\/\/garajemedia.com\/wp-content\/uploads\/2021\/04\/logo-dmt-pagina-01-300x150.jpg\" alt=\"logo dmt pagina-01\" \/><\/figure>\n<p>Anterior<br \/>\nSiguiente<\/p>\n","protected":false},"excerpt":{"rendered":"<p>\u00bfNecesitas un logo profesional, moderno, atractivo y que destaque sobre los dem\u00e1s? Queremos que todo el mundo recuerde tu marca, por eso cuidamos hasta el \u00faltimo detalle el dise\u00f1o de tu logotipo y sus aplicaciones dentro de la imagen corporativa de la empresa. Nuestros dise\u00f1os de logotipos est\u00e1n hechos a [&hellip;]<\/p>\n","protected":false},"author":1,"featured_media":0,"parent":0,"menu_order":0,"comment_status":"closed","ping_status":"closed","template":"page-templates\/template-pagebuilder-full-width.php","meta":[],"_links":{"self":[{"href":"http:\/\/garajemedia.com\/index.php\/wp-json\/wp\/v2\/pages\/333"}],"collection":[{"href":"http:\/\/garajemedia.com\/index.php\/wp-json\/wp\/v2\/pages"}],"about":[{"href":"http:\/\/garajemedia.com\/index.php\/wp-json\/wp\/v2\/types\/page"}],"author":[{"embeddable":true,"href":"http:\/\/garajemedia.com\/index.php\/wp-json\/wp\/v2\/users\/1"}],"replies":[{"embeddable":true,"href":"http:\/\/garajemedia.com\/index.php\/wp-json\/wp\/v2\/comments?post=333"}],"version-history":[{"count":60,"href":"http:\/\/garajemedia.com\/index.php\/wp-json\/wp\/v2\/pages\/333\/revisions"}],"predecessor-version":[{"id":9483,"href":"http:\/\/garajemedia.com\/index.php\/wp-json\/wp\/v2\/pages\/333\/revisions\/9483"}],"wp:attachment":[{"href":"http:\/\/garajemedia.com\/index.php\/wp-json\/wp\/v2\/media?parent=333"}],"curies":[{"name":"wp","href":"https:\/\/api.w.org\/{rel}","templated":true}]}}