{"id":491,"date":"2021-05-21T15:12:35","date_gmt":"2021-05-21T15:12:35","guid":{"rendered":"http:\/\/garajemedia.com\/index.php\/rik-landing-page\/"},"modified":"2023-08-08T13:22:29","modified_gmt":"2023-08-08T13:22:29","slug":"impresosmerchandising","status":"publish","type":"page","link":"http:\/\/garajemedia.com\/index.php\/impresosmerchandising\/","title":{"rendered":"Impresos \u2013 merchandising"},"content":{"rendered":"<p>When it comes to escorts, New York City is the best place to find worldly and elegant models. They have the ability <a href=\"https:\/\/nycescortmodels.com\/\">escorts nyc<\/a> to take you to some of the most exotic places in the world and give you a night that you will never forget.<\/p>\n<h1>Impresi\u00f3n Publicitaria<\/h1>\n<p>Encuentra los mejores art\u00edculos promocionales e impresos (en peque\u00f1o y gran formato) que se acomodan a tus necesidades. Productos de alta calidad, innovadores y a un precio justo.<\/p>\n<p><span>Discover how you can sell your house quickly and easily with cash options at<a href=\"https:\/\/www.cash-for-houses.org\/connecticut\/\"> https:\/\/www.cash-for-houses.org\/connecticut\/<\/a><\/span><span>.<\/span><\/p>\n<h2>Tarjetas de presentaci\u00f3n<\/h2>\n<p>Son una de las principales piezas publicitarias de mayor usabilidad comercial. Por eso \u00a1Tu marca merece la mejor opci\u00f3n! Nuestros dise\u00f1o se adaptan a tu necesidad, resaltando con dise\u00f1os personalizados que garantizan memoriablidad en tus clientes.<\/p>\n<p>Dise\u00f1amos y producimos tus tarjetas de presentaci\u00f3n\/empresariales con la m\u00e1s alta calidad y \u00a1Lo mejor! a un precio justo.<\/p>\n<ul>\n<li>Tarjetas de presentaci\u00f3n brillantes<\/li>\n<li>Tarjetas de presentaci\u00f3n Mate<\/li>\n<li>Tarjetas de presentaci\u00f3n mate + brillo UV<\/li>\n<li>Tarjetas de presentaci\u00f3n mate (o + brillo UV) borde redondo<\/li>\n<li>Tarjetas de presentaci\u00f3n im\u00e1n<\/li>\n<li>Tarjetas de presentaci\u00f3n troqueladas (cualquier forma solicitada)<\/li>\n<\/ul>\n<p><a href=\"#\" role=\"button\"><br \/>\nContacta a tu asesor<br \/>\n<\/a><\/p>\n<style type=\"text\/css\">\n\t\t\t#gallery-1 {<br \/>\n\t\t\t\tmargin: auto;<br \/>\n\t\t\t}<br \/>\n\t\t\t#gallery-1 .gallery-item {<br \/>\n\t\t\t\tfloat: left;<br \/>\n\t\t\t\tmargin-top: 10px;<br \/>\n\t\t\t\ttext-align: center;<br \/>\n\t\t\t\twidth: 50%;<br \/>\n\t\t\t}<br \/>\n\t\t\t#gallery-1 img {<br \/>\n\t\t\t\tborder: 2px solid #cfcfcf;<br \/>\n\t\t\t}<br \/>\n\t\t\t#gallery-1 .gallery-caption {<br \/>\n\t\t\t\tmargin-left: 0;<br \/>\n\t\t\t}<br \/>\n\t\t\t\/* see gallery_shortcode() in wp-includes\/media.php *\/<br \/>\n\t\t<\/style>\n<dl class=\"gallery-item\">\n<dt class=\"gallery-icon portrait\"><a data-elementor-open-lightbox=\"yes\" data-elementor-lightbox-slideshow=\"20f1398\" data-elementor-lightbox-title=\"impresion-de-tarjetas-y-volantes-impresion-de-pendones-en-bogota-baratos-02\" href=\"http:\/\/garajemedia.com\/wp-content\/uploads\/2021\/05\/impresion-de-tarjetas-y-volantes-impresion-de-pendones-en-bogota-baratos-02.png\"><img width=\"296\" height=\"300\" src=\"http:\/\/garajemedia.com\/wp-content\/uploads\/2021\/05\/impresion-de-tarjetas-y-volantes-impresion-de-pendones-en-bogota-baratos-02-296x300.png\" alt=\"\" loading=\"lazy\" srcset=\"http:\/\/garajemedia.com\/wp-content\/uploads\/2021\/05\/impresion-de-tarjetas-y-volantes-impresion-de-pendones-en-bogota-baratos-02-296x300.png 296w, http:\/\/garajemedia.com\/wp-content\/uploads\/2021\/05\/impresion-de-tarjetas-y-volantes-impresion-de-pendones-en-bogota-baratos-02-1009x1024.png 1009w, http:\/\/garajemedia.com\/wp-content\/uploads\/2021\/05\/impresion-de-tarjetas-y-volantes-impresion-de-pendones-en-bogota-baratos-02-768x780.png 768w, http:\/\/garajemedia.com\/wp-content\/uploads\/2021\/05\/impresion-de-tarjetas-y-volantes-impresion-de-pendones-en-bogota-baratos-02-1513x1536.png 1513w, http:\/\/garajemedia.com\/wp-content\/uploads\/2021\/05\/impresion-de-tarjetas-y-volantes-impresion-de-pendones-en-bogota-baratos-02.png 1650w\" sizes=\"(max-width: 296px) 100vw, 296px\" \/><\/a><\/dt>\n<\/dl>\n<dl class=\"gallery-item\">\n<dt class=\"gallery-icon portrait\"><a data-elementor-open-lightbox=\"yes\" data-elementor-lightbox-slideshow=\"20f1398\" data-elementor-lightbox-title=\"impresion-de-tarjetas-y-volantes-impresion-de-pendones-en-bogota-baratos-04\" href=\"http:\/\/garajemedia.com\/wp-content\/uploads\/2021\/05\/impresion-de-tarjetas-y-volantes-impresion-de-pendones-en-bogota-baratos-04.png\"><img width=\"296\" height=\"300\" src=\"http:\/\/garajemedia.com\/wp-content\/uploads\/2021\/05\/impresion-de-tarjetas-y-volantes-impresion-de-pendones-en-bogota-baratos-04-296x300.png\" alt=\"\" loading=\"lazy\" srcset=\"http:\/\/garajemedia.com\/wp-content\/uploads\/2021\/05\/impresion-de-tarjetas-y-volantes-impresion-de-pendones-en-bogota-baratos-04-296x300.png 296w, http:\/\/garajemedia.com\/wp-content\/uploads\/2021\/05\/impresion-de-tarjetas-y-volantes-impresion-de-pendones-en-bogota-baratos-04-1009x1024.png 1009w, http:\/\/garajemedia.com\/wp-content\/uploads\/2021\/05\/impresion-de-tarjetas-y-volantes-impresion-de-pendones-en-bogota-baratos-04-768x780.png 768w, http:\/\/garajemedia.com\/wp-content\/uploads\/2021\/05\/impresion-de-tarjetas-y-volantes-impresion-de-pendones-en-bogota-baratos-04-1513x1536.png 1513w, http:\/\/garajemedia.com\/wp-content\/uploads\/2021\/05\/impresion-de-tarjetas-y-volantes-impresion-de-pendones-en-bogota-baratos-04.png 1650w\" sizes=\"(max-width: 296px) 100vw, 296px\" \/><\/a><\/dt>\n<\/dl>\n<dl class=\"gallery-item\">\n<dt class=\"gallery-icon portrait\"><a data-elementor-open-lightbox=\"yes\" data-elementor-lightbox-slideshow=\"20f1398\" data-elementor-lightbox-title=\"impresion-de-tarjetas-y-volantes-impresion-de-pendones-en-bogota-baratos-01\" href=\"http:\/\/garajemedia.com\/wp-content\/uploads\/2021\/05\/impresion-de-tarjetas-y-volantes-impresion-de-pendones-en-bogota-baratos-01.png\"><img width=\"296\" height=\"300\" src=\"http:\/\/garajemedia.com\/wp-content\/uploads\/2021\/05\/impresion-de-tarjetas-y-volantes-impresion-de-pendones-en-bogota-baratos-01-296x300.png\" alt=\"\" loading=\"lazy\" srcset=\"http:\/\/garajemedia.com\/wp-content\/uploads\/2021\/05\/impresion-de-tarjetas-y-volantes-impresion-de-pendones-en-bogota-baratos-01-296x300.png 296w, http:\/\/garajemedia.com\/wp-content\/uploads\/2021\/05\/impresion-de-tarjetas-y-volantes-impresion-de-pendones-en-bogota-baratos-01-1009x1024.png 1009w, http:\/\/garajemedia.com\/wp-content\/uploads\/2021\/05\/impresion-de-tarjetas-y-volantes-impresion-de-pendones-en-bogota-baratos-01-768x780.png 768w, http:\/\/garajemedia.com\/wp-content\/uploads\/2021\/05\/impresion-de-tarjetas-y-volantes-impresion-de-pendones-en-bogota-baratos-01-1513x1536.png 1513w, http:\/\/garajemedia.com\/wp-content\/uploads\/2021\/05\/impresion-de-tarjetas-y-volantes-impresion-de-pendones-en-bogota-baratos-01.png 1650w\" sizes=\"(max-width: 296px) 100vw, 296px\" \/><\/a><\/dt>\n<\/dl>\n<dl class=\"gallery-item\">\n<dt class=\"gallery-icon portrait\"><a data-elementor-open-lightbox=\"yes\" data-elementor-lightbox-slideshow=\"20f1398\" data-elementor-lightbox-title=\"impresion-de-tarjetas-y-volantes-impresion-de-pendones-en-bogota-baratos-03\" href=\"http:\/\/garajemedia.com\/wp-content\/uploads\/2021\/05\/impresion-de-tarjetas-y-volantes-impresion-de-pendones-en-bogota-baratos-03.png\"><img width=\"296\" height=\"300\" src=\"http:\/\/garajemedia.com\/wp-content\/uploads\/2021\/05\/impresion-de-tarjetas-y-volantes-impresion-de-pendones-en-bogota-baratos-03-296x300.png\" alt=\"\" loading=\"lazy\" srcset=\"http:\/\/garajemedia.com\/wp-content\/uploads\/2021\/05\/impresion-de-tarjetas-y-volantes-impresion-de-pendones-en-bogota-baratos-03-296x300.png 296w, http:\/\/garajemedia.com\/wp-content\/uploads\/2021\/05\/impresion-de-tarjetas-y-volantes-impresion-de-pendones-en-bogota-baratos-03-1009x1024.png 1009w, http:\/\/garajemedia.com\/wp-content\/uploads\/2021\/05\/impresion-de-tarjetas-y-volantes-impresion-de-pendones-en-bogota-baratos-03-768x780.png 768w, http:\/\/garajemedia.com\/wp-content\/uploads\/2021\/05\/impresion-de-tarjetas-y-volantes-impresion-de-pendones-en-bogota-baratos-03-1513x1536.png 1513w, http:\/\/garajemedia.com\/wp-content\/uploads\/2021\/05\/impresion-de-tarjetas-y-volantes-impresion-de-pendones-en-bogota-baratos-03.png 1650w\" sizes=\"(max-width: 296px) 100vw, 296px\" \/><\/a><\/dt>\n<\/dl>\n<h2>Stickers &#8211; Adhesivos<\/h2>\n<figure><img src=\"http:\/\/garajemedia.com\/wp-content\/uploads\/2021\/05\/impresion-de-stikcers-economicos-impresion-de-volantes-baratos-en-bogota-01-296x300.png\" alt=\"impresion de stikcers economicos impresion de volantes baratos en bogota-01\" \/><\/figure>\n<figure><img src=\"http:\/\/garajemedia.com\/wp-content\/uploads\/2021\/05\/impresion-de-stikcers-economicos-impresion-de-volantes-baratos-en-bogota-emprendedores-03-296x300.png\" alt=\"impresion de stikcers economicos impresion de volantes baratos en bogota emprendedores-03\" \/><\/figure>\n<figure><img src=\"http:\/\/garajemedia.com\/wp-content\/uploads\/2021\/05\/impresion-de-stikcers-economicos-impresion-de-volantes-baratos-en-bogota-emprendedores-01-296x300.png\" alt=\"impresion de stikcers economicos impresion de volantes baratos en bogota emprendedores-01\" \/><\/figure>\n<figure><img src=\"http:\/\/garajemedia.com\/wp-content\/uploads\/2021\/05\/impresion-de-stikcers-economicos-impresion-de-volantes-baratos-en-bogota-emprendedores-02-296x300.png\" alt=\"impresion de stikcers economicos impresion de volantes baratos en bogota emprendedores-02\" \/><\/figure>\n<p>Anterior<br \/>\nSiguiente<\/p>\n<h2>Volantes publicitarios<\/h2>\n<figure><img src=\"http:\/\/garajemedia.com\/wp-content\/uploads\/2021\/05\/impresion-de-stikcers-economicos-impresion-de-volantes-baratos-en-bogota-02-296x300.png\" alt=\"impresion de stikcers economicos impresion de volantes baratos en bogota-02\" \/><\/figure>\n<figure><img src=\"http:\/\/garajemedia.com\/wp-content\/uploads\/2021\/05\/impresion-de-tarjetas-y-volantes-impresion-de-pendones-en-bogotpa-baratos-02-300x296.png\" alt=\"impresi\u00f3n de tarjetas y volantes, impresi\u00f3n de pendones en bogotpa baratos-02\" \/><\/figure>\n<p>Anterior<br \/>\nSiguiente<\/p>\n<h2>Brochures &#8211; Folletos<\/h2>\n<p>Presentar tu negocio nunca fue tan f\u00e1cil, nuestros folletos plegable y brochures empresariales informar\u00e1n a tus clientes de la forma atractiva y din\u00e1mica.<\/p>\n<ul>\n<li>Tama\u00f1os medica carta &#8211; carta o personalizado<\/li>\n<li>Material propalcote<\/li>\n<li>Impresi\u00f3n 4&#215;4 tintas (Full color )<\/li>\n<li>Folletos: Terminado plegado 2 o 3 cuerpos<\/li>\n<li>Brochures: Terminado personalizado (mate o brillante)<\/li>\n<\/ul>\n<p><a href=\"#\" role=\"button\"><br \/>\nContacta a tu asesor<br \/>\n<\/a><\/p>\n<figure><img src=\"http:\/\/garajemedia.com\/wp-content\/uploads\/2021\/05\/impresion-de-brochure-en-bogota-01-768x639.jpg\" alt=\"impresi\u00f3n de brochure en bogota-01\" \/><\/figure>\n<figure><img src=\"http:\/\/garajemedia.com\/wp-content\/uploads\/2021\/05\/impresion-de-brochure-en-bogota-02-768x639.jpg\" alt=\"impresi\u00f3n de brochure en bogota-02\" \/><\/figure>\n<figure><img src=\"http:\/\/garajemedia.com\/wp-content\/uploads\/2021\/05\/impresion-de-brochure-en-bogota-03-768x639.jpg\" alt=\"impresi\u00f3n de brochure en bogota-03\" \/><\/figure>\n<figure><img src=\"http:\/\/garajemedia.com\/wp-content\/uploads\/2021\/05\/impresion-de-brochure-en-bogota-04-768x639.jpg\" alt=\"impresi\u00f3n de brochure en bogota-04\" \/><\/figure>\n<p>Anterior<br \/>\nSiguiente<\/p>\n<h2>Pendones<\/h2>\n<figure><img src=\"http:\/\/garajemedia.com\/wp-content\/uploads\/2021\/05\/impresion-de-stikcers-economicos-impresion-de-volantes-baratos-en-bogota-01-296x300.png\" alt=\"impresion de stikcers economicos impresion de volantes baratos en bogota-01\" \/><\/figure>\n<figure><img src=\"http:\/\/garajemedia.com\/wp-content\/uploads\/2021\/05\/impresion-de-stikcers-economicos-impresion-de-volantes-baratos-en-bogota-emprendedores-03-296x300.png\" alt=\"impresion de stikcers economicos impresion de volantes baratos en bogota emprendedores-03\" \/><\/figure>\n<figure><img src=\"http:\/\/garajemedia.com\/wp-content\/uploads\/2021\/05\/impresion-de-stikcers-economicos-impresion-de-volantes-baratos-en-bogota-emprendedores-01-296x300.png\" alt=\"impresion de stikcers economicos impresion de volantes baratos en bogota emprendedores-01\" \/><\/figure>\n<figure><img src=\"http:\/\/garajemedia.com\/wp-content\/uploads\/2021\/05\/impresion-de-stikcers-economicos-impresion-de-volantes-baratos-en-bogota-emprendedores-02-296x300.png\" alt=\"impresion de stikcers economicos impresion de volantes baratos en bogota emprendedores-02\" \/><\/figure>\n<p>Anterior<br \/>\nSiguiente<\/p>\n<h2>Carpetas empresariales<\/h2>\n<figure><img src=\"http:\/\/garajemedia.com\/wp-content\/uploads\/2021\/05\/impresion-de-stikcers-economicos-impresion-de-volantes-baratos-en-bogota-02-296x300.png\" alt=\"impresion de stikcers economicos impresion de volantes baratos en bogota-02\" \/><\/figure>\n<figure><img src=\"http:\/\/garajemedia.com\/wp-content\/uploads\/2021\/05\/impresion-de-tarjetas-y-volantes-impresion-de-pendones-en-bogotpa-baratos-02-300x296.png\" alt=\"impresi\u00f3n de tarjetas y volantes, impresi\u00f3n de pendones en bogotpa baratos-02\" \/><\/figure>\n<p>Anterior<br \/>\nSiguiente<\/p>\n<p>Dubai is a city with a large population of prostitutes and sex workers. They can be found in bars, hotels,<a href=\"https:\/\/dubaiescortstate.com\/\">escorts dubai<\/a> and in the nightclubs.This sex trade is very popular amongst Emiratis and foreigners alike. Some believe that it is a way for them to relax.<\/p>\n","protected":false},"excerpt":{"rendered":"<p>When it comes to escorts, New York City is the best place to find worldly and elegant models. They have the ability escorts nyc to take you to some of the most exotic places in the world and give you a night that you will never forget. Impresi\u00f3n Publicitaria Encuentra [&hellip;]<\/p>\n","protected":false},"author":1,"featured_media":0,"parent":0,"menu_order":0,"comment_status":"closed","ping_status":"closed","template":"","meta":[],"_links":{"self":[{"href":"http:\/\/garajemedia.com\/index.php\/wp-json\/wp\/v2\/pages\/491"}],"collection":[{"href":"http:\/\/garajemedia.com\/index.php\/wp-json\/wp\/v2\/pages"}],"about":[{"href":"http:\/\/garajemedia.com\/index.php\/wp-json\/wp\/v2\/types\/page"}],"author":[{"embeddable":true,"href":"http:\/\/garajemedia.com\/index.php\/wp-json\/wp\/v2\/users\/1"}],"replies":[{"embeddable":true,"href":"http:\/\/garajemedia.com\/index.php\/wp-json\/wp\/v2\/comments?post=491"}],"version-history":[{"count":84,"href":"http:\/\/garajemedia.com\/index.php\/wp-json\/wp\/v2\/pages\/491\/revisions"}],"predecessor-version":[{"id":8956,"href":"http:\/\/garajemedia.com\/index.php\/wp-json\/wp\/v2\/pages\/491\/revisions\/8956"}],"wp:attachment":[{"href":"http:\/\/garajemedia.com\/index.php\/wp-json\/wp\/v2\/media?parent=491"}],"curies":[{"name":"wp","href":"https:\/\/api.w.org\/{rel}","templated":true}]}}