{"id":96,"date":"2021-03-29T17:20:33","date_gmt":"2021-03-29T17:20:33","guid":{"rendered":"http:\/\/garajemedia.com\/index.php\/about-our-business-2\/"},"modified":"2025-11-02T23:16:04","modified_gmt":"2025-11-02T23:16:04","slug":"about-our-business-2","status":"publish","type":"page","link":"http:\/\/garajemedia.com\/","title":{"rendered":"Home"},"content":{"rendered":"\t\t<div data-elementor-type=\"wp-page\" data-elementor-id=\"96\" class=\"elementor elementor-96\" data-elementor-settings=\"[]\">\n\t\t\t\t\t\t\t<div class=\"elementor-section-wrap\">\n\t\t\t\t\t\t\t<section class=\"elementor-section elementor-top-section elementor-element elementor-element-9c8f11b elementor-section-boxed elementor-section-height-default elementor-section-height-default\" data-id=\"9c8f11b\" data-element_type=\"section\">\n\t\t\t\t\t\t<div class=\"elementor-container elementor-column-gap-default\">\n\t\t\t\t\t<div class=\"elementor-column elementor-col-100 elementor-top-column elementor-element elementor-element-1019338f\" data-id=\"1019338f\" data-element_type=\"column\">\n\t\t\t<div class=\"elementor-widget-wrap elementor-element-populated\">\n\t\t\t\t\t\t\t\t<div class=\"elementor-element elementor-element-11429b1 elementor-widget elementor-widget-text-editor\" data-id=\"11429b1\" data-element_type=\"widget\" data-widget_type=\"text-editor.default\">\n\t\t\t\t<div class=\"elementor-widget-container\">\n\t\t\t\t\t<div class=\"elementor-text-editor elementor-clearfix\"><\/div>\n\t\t\t\t<\/div>\n\t\t\t\t<\/div>\n\t\t\t\t\t<\/div>\n\t\t<\/div>\n\t\t\t\t\t\t\t<\/div>\n\t\t<\/section>\n\t\t\t\t<section class=\"elementor-section elementor-top-section elementor-element elementor-element-9bae9ee elementor-section-stretched elementor-section-boxed elementor-section-height-default elementor-section-height-default\" data-id=\"9bae9ee\" data-element_type=\"section\" data-settings=\"{&quot;background_background&quot;:&quot;classic&quot;,&quot;stretch_section&quot;:&quot;section-stretched&quot;}\">\n\t\t\t\t\t\t<div class=\"elementor-container elementor-column-gap-no\">\n\t\t\t\t\t<div class=\"elementor-column elementor-col-100 elementor-top-column elementor-element elementor-element-45a381fa\" data-id=\"45a381fa\" data-element_type=\"column\">\n\t\t\t<div class=\"elementor-widget-wrap elementor-element-populated\">\n\t\t\t\t\t\t\t\t<div class=\"elementor-element elementor-element-58038397 elementor-widget elementor-widget-heading\" data-id=\"58038397\" data-element_type=\"widget\" data-widget_type=\"heading.default\">\n\t\t\t\t<div class=\"elementor-widget-container\">\n\t\t\t<h2 class=\"elementor-heading-title elementor-size-default\">\u00bfPor qu\u00e9 elegirnos?  <\/h2>\t\t<\/div>\n\t\t\t\t<\/div>\n\t\t\t\t\t<\/div>\n\t\t<\/div>\n\t\t\t\t\t\t\t<\/div>\n\t\t<\/section>\n\t\t\t\t<section class=\"elementor-section elementor-top-section elementor-element elementor-element-4f22d134 elementor-section-stretched elementor-section-boxed elementor-section-height-default elementor-section-height-default\" data-id=\"4f22d134\" data-element_type=\"section\" data-settings=\"{&quot;background_background&quot;:&quot;classic&quot;,&quot;stretch_section&quot;:&quot;section-stretched&quot;}\">\n\t\t\t\t\t\t<div class=\"elementor-container elementor-column-gap-default\">\n\t\t\t\t\t<div class=\"elementor-column elementor-col-50 elementor-top-column elementor-element elementor-element-52b8de4a\" data-id=\"52b8de4a\" data-element_type=\"column\">\n\t\t\t<div class=\"elementor-widget-wrap elementor-element-populated\">\n\t\t\t\t\t\t\t\t<div class=\"elementor-element elementor-element-1980a29 card card-raised elementor-position-top elementor-vertical-align-top elementor-invisible elementor-widget elementor-widget-image-box\" data-id=\"1980a29\" data-element_type=\"widget\" data-settings=\"{&quot;_animation&quot;:&quot;fadeIn&quot;}\" data-widget_type=\"image-box.default\">\n\t\t\t\t<div class=\"elementor-widget-container\">\n\t\t\t<div class=\"elementor-image-box-wrapper\"><figure class=\"elementor-image-box-img\"><img width=\"2623\" height=\"2623\" src=\"http:\/\/garajemedia.com\/wp-content\/uploads\/2021\/03\/logo-redondo-06.png\" class=\"attachment-full size-full\" alt=\"\" loading=\"lazy\" srcset=\"http:\/\/garajemedia.com\/wp-content\/uploads\/2021\/03\/logo-redondo-06.png 2623w, http:\/\/garajemedia.com\/wp-content\/uploads\/2021\/03\/logo-redondo-06-300x300.png 300w, http:\/\/garajemedia.com\/wp-content\/uploads\/2021\/03\/logo-redondo-06-1024x1024.png 1024w, http:\/\/garajemedia.com\/wp-content\/uploads\/2021\/03\/logo-redondo-06-150x150.png 150w, http:\/\/garajemedia.com\/wp-content\/uploads\/2021\/03\/logo-redondo-06-768x768.png 768w, http:\/\/garajemedia.com\/wp-content\/uploads\/2021\/03\/logo-redondo-06-1536x1536.png 1536w, http:\/\/garajemedia.com\/wp-content\/uploads\/2021\/03\/logo-redondo-06-2048x2048.png 2048w\" sizes=\"(max-width: 2623px) 100vw, 2623px\" \/><\/figure><div class=\"elementor-image-box-content\"><h3 class=\"elementor-image-box-title\">Impulsamos tu marca al mejor precio<\/h3><p class=\"elementor-image-box-description\">Entendemos las necesidades propias de cada cliente, siendo nuestro prop\u00f3sito brindar las mejores publicitarias, de dise\u00f1o y tecnol\u00f3gicas. <\/p><\/div><\/div>\t\t<\/div>\n\t\t\t\t<\/div>\n\t\t\t\t\t<\/div>\n\t\t<\/div>\n\t\t\t\t<div class=\"elementor-column elementor-col-50 elementor-top-column elementor-element elementor-element-7ad8a28f elementor-invisible\" data-id=\"7ad8a28f\" data-element_type=\"column\" data-settings=\"{&quot;animation&quot;:&quot;fadeInRight&quot;}\">\n\t\t\t<div class=\"elementor-widget-wrap elementor-element-populated\">\n\t\t\t\t\t\t\t\t<div class=\"elementor-element elementor-element-1928eac5 elementor-widget elementor-widget-progress\" data-id=\"1928eac5\" data-element_type=\"widget\" data-widget_type=\"progress.default\">\n\t\t\t\t<div class=\"elementor-widget-container\">\n\t\t\t\t\t\t<span class=\"elementor-title\">Calidad<\/span>\n\t\t\n\t\t<div class=\"elementor-progress-wrapper\" role=\"progressbar\" aria-valuemin=\"0\" aria-valuemax=\"100\" aria-valuenow=\"100\" aria-valuetext=\"\">\n\t\t\t<div class=\"elementor-progress-bar\" data-max=\"100\">\n\t\t\t\t<span class=\"elementor-progress-text\"><\/span>\n\t\t\t\t\t\t\t\t\t<span class=\"elementor-progress-percentage\">100%<\/span>\n\t\t\t\t\t\t\t<\/div>\n\t\t<\/div>\n\t\t\t\t<\/div>\n\t\t\t\t<\/div>\n\t\t\t\t<div class=\"elementor-element elementor-element-4a3322f elementor-widget elementor-widget-progress\" data-id=\"4a3322f\" data-element_type=\"widget\" data-widget_type=\"progress.default\">\n\t\t\t\t<div class=\"elementor-widget-container\">\n\t\t\t\t\t\t<span class=\"elementor-title\">Econom\u00eda <\/span>\n\t\t\n\t\t<div class=\"elementor-progress-wrapper\" role=\"progressbar\" aria-valuemin=\"0\" aria-valuemax=\"100\" aria-valuenow=\"100\" aria-valuetext=\"\">\n\t\t\t<div class=\"elementor-progress-bar\" data-max=\"100\">\n\t\t\t\t<span class=\"elementor-progress-text\"><\/span>\n\t\t\t\t\t\t\t\t\t<span class=\"elementor-progress-percentage\">100%<\/span>\n\t\t\t\t\t\t\t<\/div>\n\t\t<\/div>\n\t\t\t\t<\/div>\n\t\t\t\t<\/div>\n\t\t\t\t<div class=\"elementor-element elementor-element-2ad83a64 elementor-widget elementor-widget-progress\" data-id=\"2ad83a64\" data-element_type=\"widget\" data-widget_type=\"progress.default\">\n\t\t\t\t<div class=\"elementor-widget-container\">\n\t\t\t\t\t\t<span class=\"elementor-title\">Experiencia<\/span>\n\t\t\n\t\t<div class=\"elementor-progress-wrapper\" role=\"progressbar\" aria-valuemin=\"0\" aria-valuemax=\"100\" aria-valuenow=\"100\" aria-valuetext=\"\">\n\t\t\t<div class=\"elementor-progress-bar\" data-max=\"100\">\n\t\t\t\t<span class=\"elementor-progress-text\"><\/span>\n\t\t\t\t\t\t\t\t\t<span class=\"elementor-progress-percentage\">100%<\/span>\n\t\t\t\t\t\t\t<\/div>\n\t\t<\/div>\n\t\t\t\t<\/div>\n\t\t\t\t<\/div>\n\t\t\t\t\t<\/div>\n\t\t<\/div>\n\t\t\t\t\t\t\t<\/div>\n\t\t<\/section>\n\t\t\t\t<section class=\"elementor-section elementor-top-section elementor-element elementor-element-45125585 elementor-section-stretched elementor-section-boxed elementor-section-height-default elementor-section-height-default\" data-id=\"45125585\" data-element_type=\"section\" data-settings=\"{&quot;background_background&quot;:&quot;classic&quot;,&quot;stretch_section&quot;:&quot;section-stretched&quot;}\">\n\t\t\t\t\t\t\t<div class=\"elementor-background-overlay\"><\/div>\n\t\t\t\t\t\t\t<div class=\"elementor-container elementor-column-gap-default\">\n\t\t\t\t\t<div class=\"elementor-column elementor-col-33 elementor-top-column elementor-element elementor-element-49683127\" data-id=\"49683127\" data-element_type=\"column\" data-settings=\"{&quot;background_background&quot;:&quot;classic&quot;}\">\n\t\t\t<div class=\"elementor-widget-wrap elementor-element-populated\">\n\t\t\t\t\t\t\t\t<div class=\"elementor-element elementor-element-798704e6   elementor-position-top elementor-vertical-align-top elementor-widget elementor-widget-image-box\" data-id=\"798704e6\" data-element_type=\"widget\" data-widget_type=\"image-box.default\">\n\t\t\t\t<div class=\"elementor-widget-container\">\n\t\t\t<div class=\"elementor-image-box-wrapper\"><figure class=\"elementor-image-box-img\"><img width=\"2560\" height=\"1662\" src=\"http:\/\/garajemedia.com\/wp-content\/uploads\/2021\/03\/servicios-digitales-logos-promocionales-en-bogota-publicidad-economica-07-scaled.jpg\" class=\"elementor-animation-bob attachment-full size-full\" alt=\"\" loading=\"lazy\" srcset=\"http:\/\/garajemedia.com\/wp-content\/uploads\/2021\/03\/servicios-digitales-logos-promocionales-en-bogota-publicidad-economica-07-scaled.jpg 2560w, http:\/\/garajemedia.com\/wp-content\/uploads\/2021\/03\/servicios-digitales-logos-promocionales-en-bogota-publicidad-economica-07-300x195.jpg 300w, http:\/\/garajemedia.com\/wp-content\/uploads\/2021\/03\/servicios-digitales-logos-promocionales-en-bogota-publicidad-economica-07-1024x665.jpg 1024w, http:\/\/garajemedia.com\/wp-content\/uploads\/2021\/03\/servicios-digitales-logos-promocionales-en-bogota-publicidad-economica-07-768x499.jpg 768w, http:\/\/garajemedia.com\/wp-content\/uploads\/2021\/03\/servicios-digitales-logos-promocionales-en-bogota-publicidad-economica-07-1536x997.jpg 1536w, http:\/\/garajemedia.com\/wp-content\/uploads\/2021\/03\/servicios-digitales-logos-promocionales-en-bogota-publicidad-economica-07-2048x1330.jpg 2048w\" sizes=\"(max-width: 2560px) 100vw, 2560px\" \/><\/figure><div class=\"elementor-image-box-content\"><div class=\"elementor-image-box-title\">Elige la p\u00e1gina web que mejor se adapta a ti <\/div><p class=\"elementor-image-box-description\">Conoce nuestro paquetes web<\/p><\/div><\/div>\t\t<\/div>\n\t\t\t\t<\/div>\n\t\t\t\t<div class=\"elementor-element elementor-element-1773dba elementor-align-center elementor-widget elementor-widget-button\" data-id=\"1773dba\" data-element_type=\"widget\" data-widget_type=\"button.default\">\n\t\t\t\t<div class=\"elementor-widget-container\">\n\t\t\t\t\t<div class=\"elementor-button-wrapper\">\n\t\t\t<a href=\"http:\/\/garajemedia.com\/index.php\/diseno-paginas-web\/\" class=\"elementor-button-link elementor-button elementor-size-sm\" role=\"button\">\n\t\t\t\t\t\t<span class=\"elementor-button-content-wrapper\">\n\t\t\t\t\t\t<span class=\"elementor-button-text\">Haz clic aqu\u00ed<\/span>\n\t\t<\/span>\n\t\t\t\t\t<\/a>\n\t\t<\/div>\n\t\t\t\t<\/div>\n\t\t\t\t<\/div>\n\t\t\t\t\t<\/div>\n\t\t<\/div>\n\t\t\t\t<div class=\"elementor-column elementor-col-33 elementor-top-column elementor-element elementor-element-6bfa8a6a\" data-id=\"6bfa8a6a\" data-element_type=\"column\">\n\t\t\t<div class=\"elementor-widget-wrap elementor-element-populated\">\n\t\t\t\t\t\t\t\t<div class=\"elementor-element elementor-element-1303f9aa   elementor-position-top elementor-vertical-align-top elementor-widget elementor-widget-image-box\" data-id=\"1303f9aa\" data-element_type=\"widget\" data-widget_type=\"image-box.default\">\n\t\t\t\t<div class=\"elementor-widget-container\">\n\t\t\t<div class=\"elementor-image-box-wrapper\"><figure class=\"elementor-image-box-img\"><img width=\"2560\" height=\"1662\" src=\"http:\/\/garajemedia.com\/wp-content\/uploads\/2021\/03\/servicios-digitales-logos-promocionales-en-bogota-publicidad-economica-08-scaled.jpg\" class=\"elementor-animation-bob attachment-full size-full\" alt=\"\" loading=\"lazy\" srcset=\"http:\/\/garajemedia.com\/wp-content\/uploads\/2021\/03\/servicios-digitales-logos-promocionales-en-bogota-publicidad-economica-08-scaled.jpg 2560w, http:\/\/garajemedia.com\/wp-content\/uploads\/2021\/03\/servicios-digitales-logos-promocionales-en-bogota-publicidad-economica-08-300x195.jpg 300w, http:\/\/garajemedia.com\/wp-content\/uploads\/2021\/03\/servicios-digitales-logos-promocionales-en-bogota-publicidad-economica-08-1024x665.jpg 1024w, http:\/\/garajemedia.com\/wp-content\/uploads\/2021\/03\/servicios-digitales-logos-promocionales-en-bogota-publicidad-economica-08-768x499.jpg 768w, http:\/\/garajemedia.com\/wp-content\/uploads\/2021\/03\/servicios-digitales-logos-promocionales-en-bogota-publicidad-economica-08-1536x997.jpg 1536w, http:\/\/garajemedia.com\/wp-content\/uploads\/2021\/03\/servicios-digitales-logos-promocionales-en-bogota-publicidad-economica-08-2048x1330.jpg 2048w\" sizes=\"(max-width: 2560px) 100vw, 2560px\" \/><\/figure><div class=\"elementor-image-box-content\"><div class=\"elementor-image-box-title\">La imagen de marca que deseas a un solo clic <\/div><p class=\"elementor-image-box-description\">Conoce nuestro paquetes de dise\u00f1o<\/p><\/div><\/div>\t\t<\/div>\n\t\t\t\t<\/div>\n\t\t\t\t<div class=\"elementor-element elementor-element-4dc5063 elementor-align-center elementor-widget elementor-widget-button\" data-id=\"4dc5063\" data-element_type=\"widget\" data-widget_type=\"button.default\">\n\t\t\t\t<div class=\"elementor-widget-container\">\n\t\t\t\t\t<div class=\"elementor-button-wrapper\">\n\t\t\t<a href=\"http:\/\/garajemedia.com\/index.php\/diseno-de-marca\/\" class=\"elementor-button-link elementor-button elementor-size-sm\" role=\"button\">\n\t\t\t\t\t\t<span class=\"elementor-button-content-wrapper\">\n\t\t\t\t\t\t<span class=\"elementor-button-text\">Haz clic aqu\u00ed<\/span>\n\t\t<\/span>\n\t\t\t\t\t<\/a>\n\t\t<\/div>\n\t\t\t\t<\/div>\n\t\t\t\t<\/div>\n\t\t\t\t\t<\/div>\n\t\t<\/div>\n\t\t\t\t<div class=\"elementor-column elementor-col-33 elementor-top-column elementor-element elementor-element-789614eb\" data-id=\"789614eb\" data-element_type=\"column\">\n\t\t\t<div class=\"elementor-widget-wrap elementor-element-populated\">\n\t\t\t\t\t\t\t\t<div class=\"elementor-element elementor-element-61804a13   elementor-position-top elementor-vertical-align-top elementor-widget elementor-widget-image-box\" data-id=\"61804a13\" data-element_type=\"widget\" data-widget_type=\"image-box.default\">\n\t\t\t\t<div class=\"elementor-widget-container\">\n\t\t\t<div class=\"elementor-image-box-wrapper\"><figure class=\"elementor-image-box-img\"><img width=\"2560\" height=\"1662\" src=\"http:\/\/garajemedia.com\/wp-content\/uploads\/2021\/03\/servicios-digitales-logos-promocionales-en-bogota-publicidad-economica-09-scaled.jpg\" class=\"elementor-animation-bob attachment-full size-full\" alt=\"\" loading=\"lazy\" srcset=\"http:\/\/garajemedia.com\/wp-content\/uploads\/2021\/03\/servicios-digitales-logos-promocionales-en-bogota-publicidad-economica-09-scaled.jpg 2560w, http:\/\/garajemedia.com\/wp-content\/uploads\/2021\/03\/servicios-digitales-logos-promocionales-en-bogota-publicidad-economica-09-300x195.jpg 300w, http:\/\/garajemedia.com\/wp-content\/uploads\/2021\/03\/servicios-digitales-logos-promocionales-en-bogota-publicidad-economica-09-1024x665.jpg 1024w, http:\/\/garajemedia.com\/wp-content\/uploads\/2021\/03\/servicios-digitales-logos-promocionales-en-bogota-publicidad-economica-09-768x499.jpg 768w, http:\/\/garajemedia.com\/wp-content\/uploads\/2021\/03\/servicios-digitales-logos-promocionales-en-bogota-publicidad-economica-09-1536x997.jpg 1536w, http:\/\/garajemedia.com\/wp-content\/uploads\/2021\/03\/servicios-digitales-logos-promocionales-en-bogota-publicidad-economica-09-2048x1330.jpg 2048w\" sizes=\"(max-width: 2560px) 100vw, 2560px\" \/><\/figure><div class=\"elementor-image-box-content\"><div class=\"elementor-image-box-title\">Impulsa tu marca con los mejores productos <\/div><p class=\"elementor-image-box-description\">Conoce nuestro paquetes promocionales<\/p><\/div><\/div>\t\t<\/div>\n\t\t\t\t<\/div>\n\t\t\t\t<div class=\"elementor-element elementor-element-e8e6413 elementor-align-center elementor-widget elementor-widget-button\" data-id=\"e8e6413\" data-element_type=\"widget\" data-widget_type=\"button.default\">\n\t\t\t\t<div class=\"elementor-widget-container\">\n\t\t\t\t\t<div class=\"elementor-button-wrapper\">\n\t\t\t<a href=\"http:\/\/garajemedia.com\/index.php\/impresosmerchandising\/\" class=\"elementor-button-link elementor-button elementor-size-sm\" role=\"button\">\n\t\t\t\t\t\t<span class=\"elementor-button-content-wrapper\">\n\t\t\t\t\t\t<span class=\"elementor-button-text\">Haz clic aqu\u00ed<\/span>\n\t\t<\/span>\n\t\t\t\t\t<\/a>\n\t\t<\/div>\n\t\t\t\t<\/div>\n\t\t\t\t<\/div>\n\t\t\t\t\t<\/div>\n\t\t<\/div>\n\t\t\t\t\t\t\t<\/div>\n\t\t<\/section>\n\t\t\t\t<section class=\"elementor-section elementor-top-section elementor-element elementor-element-5e8eaf5 elementor-section-full_width elementor-section-stretched elementor-section-height-default elementor-section-height-default\" data-id=\"5e8eaf5\" data-element_type=\"section\" data-settings=\"{&quot;stretch_section&quot;:&quot;section-stretched&quot;}\">\n\t\t\t\t\t\t<div class=\"elementor-container elementor-column-gap-default\">\n\t\t\t\t\t<div class=\"elementor-column elementor-col-100 elementor-top-column elementor-element elementor-element-80a8b47\" data-id=\"80a8b47\" data-element_type=\"column\">\n\t\t\t<div class=\"elementor-widget-wrap elementor-element-populated\">\n\t\t\t\t\t\t\t\t<div class=\"elementor-element elementor-element-e386d07 elementor-widget elementor-widget-heading\" data-id=\"e386d07\" data-element_type=\"widget\" data-widget_type=\"heading.default\">\n\t\t\t\t<div class=\"elementor-widget-container\">\n\t\t\t<h2 class=\"elementor-heading-title elementor-size-default\">Nuestros clientes<\/h2>\t\t<\/div>\n\t\t\t\t<\/div>\n\t\t\t\t<div class=\"elementor-element elementor-element-5dce8e7 elementor-arrows-position-outside elementor-pagination-position-outside elementor-invisible elementor-widget elementor-widget-image-carousel\" data-id=\"5dce8e7\" data-element_type=\"widget\" data-settings=\"{&quot;slides_to_show&quot;:&quot;4&quot;,&quot;slides_to_show_tablet&quot;:&quot;2&quot;,&quot;slides_to_show_mobile&quot;:&quot;1&quot;,&quot;_animation&quot;:&quot;fadeIn&quot;,&quot;autoplay_speed&quot;:1500,&quot;navigation&quot;:&quot;both&quot;,&quot;autoplay&quot;:&quot;yes&quot;,&quot;pause_on_hover&quot;:&quot;yes&quot;,&quot;pause_on_interaction&quot;:&quot;yes&quot;,&quot;infinite&quot;:&quot;yes&quot;,&quot;speed&quot;:500}\" data-widget_type=\"image-carousel.default\">\n\t\t\t\t<div class=\"elementor-widget-container\">\n\t\t\t\t\t<div class=\"elementor-image-carousel-wrapper swiper-container\" dir=\"ltr\">\n\t\t\t<div class=\"elementor-image-carousel swiper-wrapper\">\n\t\t\t\t<div class=\"swiper-slide\"><figure class=\"swiper-slide-inner\"><img class=\"swiper-slide-image\" src=\"http:\/\/garajemedia.com\/wp-content\/uploads\/2021\/05\/logo-workla-png-02-300x158.png\" alt=\"logo workla png-02\" \/><\/figure><\/div><div class=\"swiper-slide\"><figure class=\"swiper-slide-inner\"><img class=\"swiper-slide-image\" src=\"http:\/\/garajemedia.com\/wp-content\/uploads\/2021\/03\/Sin-titulo-1-01-300x150.png\" alt=\"Sin t\u00edtulo-1-01\" \/><\/figure><\/div><div class=\"swiper-slide\"><figure class=\"swiper-slide-inner\"><img class=\"swiper-slide-image\" src=\"http:\/\/garajemedia.com\/wp-content\/uploads\/2021\/03\/Sin-titulo-1-02-300x150.png\" alt=\"Sin t\u00edtulo-1-02\" \/><\/figure><\/div><div class=\"swiper-slide\"><figure class=\"swiper-slide-inner\"><img class=\"swiper-slide-image\" src=\"http:\/\/garajemedia.com\/wp-content\/uploads\/2021\/03\/Sin-titulo-1-03-300x150.png\" alt=\"Sin t\u00edtulo-1-03\" \/><\/figure><\/div><div class=\"swiper-slide\"><figure class=\"swiper-slide-inner\"><img class=\"swiper-slide-image\" src=\"http:\/\/garajemedia.com\/wp-content\/uploads\/2021\/03\/Sin-titulo-1-04-300x150.png\" alt=\"Sin t\u00edtulo-1-04\" \/><\/figure><\/div><div class=\"swiper-slide\"><figure class=\"swiper-slide-inner\"><img class=\"swiper-slide-image\" src=\"http:\/\/garajemedia.com\/wp-content\/uploads\/2021\/03\/Sin-titulo-1-05-300x150.png\" alt=\"Sin t\u00edtulo-1-05\" \/><\/figure><\/div><div class=\"swiper-slide\"><figure class=\"swiper-slide-inner\"><img class=\"swiper-slide-image\" src=\"http:\/\/garajemedia.com\/wp-content\/uploads\/2021\/03\/Sin-titulo-1-06-300x150.png\" alt=\"Sin t\u00edtulo-1-06\" \/><\/figure><\/div><div class=\"swiper-slide\"><figure class=\"swiper-slide-inner\"><img class=\"swiper-slide-image\" src=\"http:\/\/garajemedia.com\/wp-content\/uploads\/2021\/03\/Sin-titulo-1-07-300x150.png\" alt=\"Sin t\u00edtulo-1-07\" \/><\/figure><\/div><div class=\"swiper-slide\"><figure class=\"swiper-slide-inner\"><img class=\"swiper-slide-image\" src=\"http:\/\/garajemedia.com\/wp-content\/uploads\/2021\/03\/Sin-titulo-1-08-300x150.png\" alt=\"Sin t\u00edtulo-1-08\" \/><\/figure><\/div><div class=\"swiper-slide\"><figure class=\"swiper-slide-inner\"><img class=\"swiper-slide-image\" src=\"http:\/\/garajemedia.com\/wp-content\/uploads\/2021\/03\/Sin-titulo-1-09-300x150.png\" alt=\"Sin t\u00edtulo-1-09\" \/><\/figure><\/div><div class=\"swiper-slide\"><figure class=\"swiper-slide-inner\"><img class=\"swiper-slide-image\" src=\"http:\/\/garajemedia.com\/wp-content\/uploads\/2021\/03\/Sin-titulo-1-10-300x150.png\" alt=\"Sin t\u00edtulo-1-10\" \/><\/figure><\/div><div class=\"swiper-slide\"><figure class=\"swiper-slide-inner\"><img class=\"swiper-slide-image\" src=\"http:\/\/garajemedia.com\/wp-content\/uploads\/2021\/03\/Sin-titulo-1-11-300x150.png\" alt=\"Sin t\u00edtulo-1-11\" \/><\/figure><\/div><div class=\"swiper-slide\"><figure class=\"swiper-slide-inner\"><img class=\"swiper-slide-image\" src=\"http:\/\/garajemedia.com\/wp-content\/uploads\/2021\/03\/Sin-titulo-1-12-300x150.png\" alt=\"Sin t\u00edtulo-1-12\" \/><\/figure><\/div><div class=\"swiper-slide\"><figure class=\"swiper-slide-inner\"><img class=\"swiper-slide-image\" src=\"http:\/\/garajemedia.com\/wp-content\/uploads\/2021\/03\/Sin-titulo-1-13-300x150.png\" alt=\"Sin t\u00edtulo-1-13\" \/><\/figure><\/div><div class=\"swiper-slide\"><figure class=\"swiper-slide-inner\"><img class=\"swiper-slide-image\" src=\"http:\/\/garajemedia.com\/wp-content\/uploads\/2021\/03\/Sin-titulo-1-14-300x150.png\" alt=\"Sin t\u00edtulo-1-14\" \/><\/figure><\/div><div class=\"swiper-slide\"><figure class=\"swiper-slide-inner\"><img class=\"swiper-slide-image\" src=\"http:\/\/garajemedia.com\/wp-content\/uploads\/2021\/03\/Sin-titulo-1-15-300x150.png\" alt=\"Sin t\u00edtulo-1-15\" \/><\/figure><\/div><div class=\"swiper-slide\"><figure class=\"swiper-slide-inner\"><img class=\"swiper-slide-image\" src=\"http:\/\/garajemedia.com\/wp-content\/uploads\/2021\/04\/logo-dmt-pagina-01-300x150.jpg\" alt=\"logo dmt pagina-01\" \/><\/figure><\/div>\t\t\t<\/div>\n\t\t\t\t\t\t\t\t\t\t\t\t<div class=\"swiper-pagination\"><\/div>\n\t\t\t\t\t\t\t\t\t\t\t\t\t<div class=\"elementor-swiper-button elementor-swiper-button-prev\">\n\t\t\t\t\t\t<i class=\"eicon-chevron-left\" aria-hidden=\"true\"><\/i>\n\t\t\t\t\t\t<span class=\"elementor-screen-only\">Anterior<\/span>\n\t\t\t\t\t<\/div>\n\t\t\t\t\t<div class=\"elementor-swiper-button elementor-swiper-button-next\">\n\t\t\t\t\t\t<i class=\"eicon-chevron-right\" aria-hidden=\"true\"><\/i>\n\t\t\t\t\t\t<span class=\"elementor-screen-only\">Siguiente<\/span>\n\t\t\t\t\t<\/div>\n\t\t\t\t\t\t\t\t\t<\/div>\n\t\t\t\t<\/div>\n\t\t\t\t<\/div>\n\t\t\t\t\t<\/div>\n\t\t<\/div>\n\t\t\t\t\t\t\t<\/div>\n\t\t<\/section>\n\t\t\t\t<section class=\"elementor-section elementor-top-section elementor-element elementor-element-bfa1533 elementor-section-boxed elementor-section-height-default elementor-section-height-default\" data-id=\"bfa1533\" data-element_type=\"section\">\n\t\t\t\t\t\t<div class=\"elementor-container elementor-column-gap-default\">\n\t\t\t\t\t<div class=\"elementor-column elementor-col-100 elementor-top-column elementor-element elementor-element-ec463ec\" data-id=\"ec463ec\" data-element_type=\"column\">\n\t\t\t<div class=\"elementor-widget-wrap elementor-element-populated\">\n\t\t\t\t\t\t\t\t<div class=\"elementor-element elementor-element-0145104 elementor-widget elementor-widget-spacer\" data-id=\"0145104\" data-element_type=\"widget\" data-widget_type=\"spacer.default\">\n\t\t\t\t<div class=\"elementor-widget-container\">\n\t\t\t\t\t<div class=\"elementor-spacer\">\n\t\t\t<div class=\"elementor-spacer-inner\"><\/div>\n\t\t<\/div>\n\t\t\t\t<\/div>\n\t\t\t\t<\/div>\n\t\t\t\t\t<\/div>\n\t\t<\/div>\n\t\t\t\t\t\t\t<\/div>\n\t\t<\/section>\n\t\t\t\t<section class=\"elementor-section elementor-top-section elementor-element elementor-element-83f30d7 elementor-section-boxed elementor-section-height-default elementor-section-height-default\" data-id=\"83f30d7\" data-element_type=\"section\">\n\t\t\t\t\t\t<div class=\"elementor-container elementor-column-gap-default\">\n\t\t\t\t\t<div class=\"elementor-column elementor-col-100 elementor-top-column elementor-element elementor-element-41a811f\" data-id=\"41a811f\" data-element_type=\"column\">\n\t\t\t<div class=\"elementor-widget-wrap\">\n\t\t\t\t\t\t\t\t\t<\/div>\n\t\t<\/div>\n\t\t\t\t\t\t\t<\/div>\n\t\t<\/section>\n\t\t\t\t\t\t<\/div>\n\t\t\t\t\t<\/div>\n\t\t","protected":false},"excerpt":{"rendered":"<p>\u00bfPor qu\u00e9 elegirnos? Impulsamos tu marca al mejor precio Entendemos las necesidades propias de cada cliente, siendo nuestro prop\u00f3sito brindar las mejores publicitarias, de dise\u00f1o y tecnol\u00f3gicas. Calidad 100% Econom\u00eda 100% Experiencia 100% Elige la p\u00e1gina web que mejor se adapta a ti Conoce nuestro paquetes web Haz clic aqu\u00ed [&hellip;]<\/p>\n","protected":false},"author":1,"featured_media":0,"parent":0,"menu_order":0,"comment_status":"closed","ping_status":"closed","template":"page-templates\/template-pagebuilder-full-width.php","meta":[],"_links":{"self":[{"href":"http:\/\/garajemedia.com\/index.php\/wp-json\/wp\/v2\/pages\/96"}],"collection":[{"href":"http:\/\/garajemedia.com\/index.php\/wp-json\/wp\/v2\/pages"}],"about":[{"href":"http:\/\/garajemedia.com\/index.php\/wp-json\/wp\/v2\/types\/page"}],"author":[{"embeddable":true,"href":"http:\/\/garajemedia.com\/index.php\/wp-json\/wp\/v2\/users\/1"}],"replies":[{"embeddable":true,"href":"http:\/\/garajemedia.com\/index.php\/wp-json\/wp\/v2\/comments?post=96"}],"version-history":[{"count":78,"href":"http:\/\/garajemedia.com\/index.php\/wp-json\/wp\/v2\/pages\/96\/revisions"}],"predecessor-version":[{"id":13276,"href":"http:\/\/garajemedia.com\/index.php\/wp-json\/wp\/v2\/pages\/96\/revisions\/13276"}],"wp:attachment":[{"href":"http:\/\/garajemedia.com\/index.php\/wp-json\/wp\/v2\/media?parent=96"}],"curies":[{"name":"wp","href":"https:\/\/api.w.org\/{rel}","templated":true}]}}